{"id":1757,"date":"2019-11-06T19:21:54","date_gmt":"2019-11-06T18:21:54","guid":{"rendered":"https:\/\/transferencia.irta.cat\/que-es-irta-transferencia\/"},"modified":"2025-08-12T13:00:48","modified_gmt":"2025-08-12T11:00:48","slug":"que-es-irta-transferencia","status":"publish","type":"page","link":"https:\/\/transferencia.irta.cat\/es\/que-es-irta-transferencia\/","title":{"rendered":"\u00bfQu\u00e9 es IRTA Transferencia?"},"content":{"rendered":"\n<p>Es el portal de transferencia de conocimiento del Instituto de Investigaci\u00f3n y Tecnolog\u00eda Agroalimentarias (IRTA). Encontrar\u00e9is informaci\u00f3n actualizada sobre las jornadas y cursos, as\u00ed como de todos los eventos de transferencia impulsados \u200b\u200by vinculados al Instituto. A trav\u00e9s de este portal podr\u00e9is inscribir y consultar todo tipo de documentaci\u00f3n relacionada.<br>\nAdem\u00e1s, si quieres estar al d\u00eda de toda la actividad de transferencia del IRTA, el portal pone a su disposici\u00f3n un calendario de actividades y alertas de correo personalizadas, as\u00ed como nuestro cat\u00e1logo de servicios.<\/p>\n\n\n\n<p><strong>Os invitamos a registrarse en el portal e indicar sus categor\u00edas de inter\u00e9s. De este modo, las actividades que os aparecer\u00e1n ser\u00e1n las que le interesan, y el proceso de inscripci\u00f3n le resultar\u00e1 mucho m\u00e1s \u00e1gil!<\/strong><\/p>\n\n\n\n<p>IRTA es un centro de investigaci\u00f3n dedicado a la I + D + i en el \u00e1mbito agroalimentario y est\u00e1 adscrito al Departamento de Agricultura Ganader\u00eda Pesca y Alimentaci\u00f3n (DARP) de la Generalidad de Catalu\u00f1a. Sus objetivos son modernizar, mejorar e impulsar la competitividad y el desarrollo sostenible de los sectores agrario, alimentario, agroforestal, acu\u00edcola y pesquero, as\u00ed como proveer a los consumidores de alimentos sanos y de calidad, y mejorar el bienestar de la poblaci\u00f3n\u00a1<\/p>\n","protected":false},"excerpt":{"rendered":"<p>Es el portal de transferencia de conocimiento del Instituto de Investigaci\u00f3n y Tecnolog\u00eda Agroalimentarias (IRTA). Encontrar\u00e9is informaci\u00f3n actualizada sobre las jornadas y cursos, as\u00ed como de todos los eventos de transferencia impulsados \u200b\u200by vinculados al Instituto. A trav\u00e9s de este portal podr\u00e9is inscribir y consultar todo tipo de documentaci\u00f3n relacionada. Adem\u00e1s, si quieres estar al [&hellip;]<\/p>\n","protected":false},"author":1,"featured_media":2143,"parent":0,"menu_order":0,"comment_status":"closed","ping_status":"closed","template":"","meta":{"footnotes":""},"class_list":["post-1757","page","type-page","status-publish","has-post-thumbnail","hentry"],"acf":[],"yoast_head":"<!-- This site is optimized with the Yoast SEO plugin v15.2 - https:\/\/yoast.com\/wordpress\/plugins\/seo\/ -->\n<title>\u00bfQu\u00e9 es IRTA Transferencia? - IRTA<\/title>\n<meta name=\"description\" content=\"Es el portal de transferencia de conocimiento del Instituto de Investigaci\u00f3n y Tecnolog\u00eda Agroalimentarias (IRTA). Encontrar\u00e9is informaci\u00f3n actualizada\" \/>\n<meta name=\"robots\" content=\"index, follow, max-snippet:-1, max-image-preview:large, max-video-preview:-1\" \/>\n<link rel=\"canonical\" href=\"https:\/\/transferencia.irta.cat\/es\/que-es-irta-transferencia\/\" \/>\n<meta property=\"og:locale\" content=\"es_ES\" \/>\n<meta property=\"og:type\" content=\"article\" \/>\n<meta property=\"og:title\" content=\"\u00bfQu\u00e9 es IRTA Transferencia? - IRTA\" \/>\n<meta property=\"og:description\" content=\"Es el portal de transferencia de conocimiento del Instituto de Investigaci\u00f3n y Tecnolog\u00eda Agroalimentarias (IRTA). Encontrar\u00e9is informaci\u00f3n actualizada\" \/>\n<meta property=\"og:url\" content=\"https:\/\/transferencia.irta.cat\/es\/que-es-irta-transferencia\/\" \/>\n<meta property=\"og:site_name\" content=\"IRTA\" \/>\n<meta property=\"article:modified_time\" content=\"2025-08-12T11:00:48+00:00\" \/>\n<meta property=\"og:image\" content=\"https:\/\/transferencia.irta.cat\/wp-content\/uploads\/2020\/03\/180613-IRTA-Rec-Lleida24587xlarge.2x.1530343026.jpg\" \/>\n\t<meta property=\"og:image:width\" content=\"1920\" \/>\n\t<meta property=\"og:image:height\" content=\"1439\" \/>\n<meta name=\"twitter:card\" content=\"summary_large_image\" \/>\n<meta name=\"twitter:label1\" value=\"Escrito por\">\n\t<meta name=\"twitter:data1\" value=\"volcanic\">\n\t<meta name=\"twitter:label2\" value=\"Tiempo de lectura\">\n\t<meta name=\"twitter:data2\" value=\"1 minuto\">\n<script type=\"application\/ld+json\" class=\"yoast-schema-graph\">{\"@context\":\"https:\/\/schema.org\",\"@graph\":[{\"@type\":\"WebSite\",\"@id\":\"https:\/\/transferencia.irta.cat\/es\/#website\",\"url\":\"https:\/\/transferencia.irta.cat\/es\/\",\"name\":\"IRTA\",\"description\":\"Transfer\\u00e8ncia de coneixement\",\"potentialAction\":[{\"@type\":\"SearchAction\",\"target\":\"https:\/\/transferencia.irta.cat\/es\/?s={search_term_string}\",\"query-input\":\"required name=search_term_string\"}],\"inLanguage\":\"es\"},{\"@type\":\"ImageObject\",\"@id\":\"https:\/\/transferencia.irta.cat\/es\/que-es-irta-transferencia\/#primaryimage\",\"inLanguage\":\"es\",\"url\":\"https:\/\/transferencia.irta.cat\/wp-content\/uploads\/2020\/03\/180613-IRTA-Rec-Lleida24587xlarge.2x.1530343026.jpg\",\"width\":1920,\"height\":1439},{\"@type\":\"WebPage\",\"@id\":\"https:\/\/transferencia.irta.cat\/es\/que-es-irta-transferencia\/#webpage\",\"url\":\"https:\/\/transferencia.irta.cat\/es\/que-es-irta-transferencia\/\",\"name\":\"\\u00bfQu\\u00e9 es IRTA Transferencia? - IRTA\",\"isPartOf\":{\"@id\":\"https:\/\/transferencia.irta.cat\/es\/#website\"},\"primaryImageOfPage\":{\"@id\":\"https:\/\/transferencia.irta.cat\/es\/que-es-irta-transferencia\/#primaryimage\"},\"datePublished\":\"2019-11-06T18:21:54+00:00\",\"dateModified\":\"2025-08-12T11:00:48+00:00\",\"description\":\"Es el portal de transferencia de conocimiento del Instituto de Investigaci\\u00f3n y Tecnolog\\u00eda Agroalimentarias (IRTA). Encontrar\\u00e9is informaci\\u00f3n actualizada\",\"inLanguage\":\"es\",\"potentialAction\":[{\"@type\":\"ReadAction\",\"target\":[\"https:\/\/transferencia.irta.cat\/es\/que-es-irta-transferencia\/\"]}]}]}<\/script>\n<!-- \/ Yoast SEO plugin. -->","_links":{"self":[{"href":"https:\/\/transferencia.irta.cat\/es\/wp-json\/wp\/v2\/pages\/1757","targetHints":{"allow":["GET"]}}],"collection":[{"href":"https:\/\/transferencia.irta.cat\/es\/wp-json\/wp\/v2\/pages"}],"about":[{"href":"https:\/\/transferencia.irta.cat\/es\/wp-json\/wp\/v2\/types\/page"}],"author":[{"embeddable":true,"href":"https:\/\/transferencia.irta.cat\/es\/wp-json\/wp\/v2\/users\/1"}],"replies":[{"embeddable":true,"href":"https:\/\/transferencia.irta.cat\/es\/wp-json\/wp\/v2\/comments?post=1757"}],"version-history":[{"count":3,"href":"https:\/\/transferencia.irta.cat\/es\/wp-json\/wp\/v2\/pages\/1757\/revisions"}],"predecessor-version":[{"id":28927,"href":"https:\/\/transferencia.irta.cat\/es\/wp-json\/wp\/v2\/pages\/1757\/revisions\/28927"}],"wp:featuredmedia":[{"embeddable":true,"href":"https:\/\/transferencia.irta.cat\/es\/wp-json\/wp\/v2\/media\/2143"}],"wp:attachment":[{"href":"https:\/\/transferencia.irta.cat\/es\/wp-json\/wp\/v2\/media?parent=1757"}],"curies":[{"name":"wp","href":"https:\/\/api.w.org\/{rel}","templated":true}]}}