{"id":1453,"date":"2020-02-20T13:12:09","date_gmt":"2020-02-20T12:12:09","guid":{"rendered":"http:\/\/transferencia.irta.cat\/?page_id=1453"},"modified":"2020-03-03T16:08:27","modified_gmt":"2020-03-03T15:08:27","slug":"proteccion-de-datos","status":"publish","type":"page","link":"https:\/\/transferencia.irta.cat\/es\/proteccion-de-datos\/","title":{"rendered":"Protecci\u00f3n de datos"},"content":{"rendered":"\n<p>En cumplimiento con la normativa de Protecci\u00f3n de Datos personales se le informa que:<\/p>\n\n\n\n<ol><li> Sus datos personales ser\u00e1n tratados por IRTA con la finalidad de tramitar informaci\u00f3n mediante cualquier sistema de las actividades y eventos de trasferencia y divulgaci\u00f3n que IRTA pueda llevar a cabo, en base de consentimiento dado por usted y durante un tiempo indefinido mientras que usted no lo revoque y no se ceder\u00e1n a tercero excepto por obligaci\u00f3n legal.<\/li>\n<br><li> Sus datos personales facilitados ser\u00e1n incorporados en la base de datos de la Plataforma de actividades de Transferencia tecnol\u00f3gica del IRTA. Una vez hecho, recibir\u00e1 un aviso que ha estado dado de alta y usted podr\u00e1 aceptar la incorporaci\u00f3n a dicha plataforma. <\/li><br><li>Usted tiene derecho a obtener confirmaci\u00f3n si el IRTA est\u00e1 tratando sus datos personales y por tanto, tiene derecho a acceder, rectificarlas o solicitar su supresi\u00f3n, as\u00ed como ejercer los derechos de oposici\u00f3n, limitaci\u00f3n de tratamiento o portabilidad, mediante escrito a la direcci\u00f3n del IRTA (Torre Marimon, Caldes de Montbui) o correo electr\u00f3nico a dpo (irta.cat) y adjuntando la documentaci\u00f3n que indica la ley (copia DNI o documento an\u00e1logo)<\/li><\/ol>\n","protected":false},"excerpt":{"rendered":"<p>En cumplimiento con la normativa de Protecci\u00f3n de Datos personales se le informa que: Sus datos personales ser\u00e1n tratados por IRTA con la finalidad de tramitar informaci\u00f3n mediante cualquier sistema de las actividades y eventos de trasferencia y divulgaci\u00f3n que IRTA pueda llevar a cabo, en base de consentimiento dado por usted y durante un [&hellip;]<\/p>\n","protected":false},"author":1,"featured_media":0,"parent":0,"menu_order":0,"comment_status":"closed","ping_status":"closed","template":"","meta":{"footnotes":""},"class_list":["post-1453","page","type-page","status-publish","hentry"],"acf":[],"yoast_head":"<!-- This site is optimized with the Yoast SEO plugin v15.2 - https:\/\/yoast.com\/wordpress\/plugins\/seo\/ -->\n<title>Protecci\u00f3n de datos - IRTA<\/title>\n<meta name=\"description\" content=\"En cumplimiento con la normativa de Protecci\u00f3n de Datos personales se le informa que: Sus datos personales ser\u00e1n tratados por IRTA con la finalidad de\" \/>\n<meta name=\"robots\" content=\"index, follow, max-snippet:-1, max-image-preview:large, max-video-preview:-1\" \/>\n<link rel=\"canonical\" href=\"https:\/\/transferencia.irta.cat\/es\/proteccion-de-datos\/\" \/>\n<meta property=\"og:locale\" content=\"es_ES\" \/>\n<meta property=\"og:type\" content=\"article\" \/>\n<meta property=\"og:title\" content=\"Protecci\u00f3n de datos - IRTA\" \/>\n<meta property=\"og:description\" content=\"En cumplimiento con la normativa de Protecci\u00f3n de Datos personales se le informa que: Sus datos personales ser\u00e1n tratados por IRTA con la finalidad de\" \/>\n<meta property=\"og:url\" content=\"https:\/\/transferencia.irta.cat\/es\/proteccion-de-datos\/\" \/>\n<meta property=\"og:site_name\" content=\"IRTA\" \/>\n<meta property=\"article:modified_time\" content=\"2020-03-03T15:08:27+00:00\" \/>\n<meta name=\"twitter:card\" content=\"summary_large_image\" \/>\n<meta name=\"twitter:label1\" value=\"Escrito por\">\n\t<meta name=\"twitter:data1\" value=\"volcanic\">\n\t<meta name=\"twitter:label2\" value=\"Tiempo de lectura\">\n\t<meta name=\"twitter:data2\" value=\"1 minuto\">\n<script type=\"application\/ld+json\" class=\"yoast-schema-graph\">{\"@context\":\"https:\/\/schema.org\",\"@graph\":[{\"@type\":\"WebSite\",\"@id\":\"https:\/\/transferencia.irta.cat\/es\/#website\",\"url\":\"https:\/\/transferencia.irta.cat\/es\/\",\"name\":\"IRTA\",\"description\":\"Transfer\\u00e8ncia de coneixement\",\"potentialAction\":[{\"@type\":\"SearchAction\",\"target\":\"https:\/\/transferencia.irta.cat\/es\/?s={search_term_string}\",\"query-input\":\"required name=search_term_string\"}],\"inLanguage\":\"es\"},{\"@type\":\"WebPage\",\"@id\":\"https:\/\/transferencia.irta.cat\/es\/proteccion-de-datos\/#webpage\",\"url\":\"https:\/\/transferencia.irta.cat\/es\/proteccion-de-datos\/\",\"name\":\"Protecci\\u00f3n de datos - IRTA\",\"isPartOf\":{\"@id\":\"https:\/\/transferencia.irta.cat\/es\/#website\"},\"datePublished\":\"2020-02-20T12:12:09+00:00\",\"dateModified\":\"2020-03-03T15:08:27+00:00\",\"description\":\"En cumplimiento con la normativa de Protecci\\u00f3n de Datos personales se le informa que: Sus datos personales ser\\u00e1n tratados por IRTA con la finalidad de\",\"inLanguage\":\"es\",\"potentialAction\":[{\"@type\":\"ReadAction\",\"target\":[\"https:\/\/transferencia.irta.cat\/es\/proteccion-de-datos\/\"]}]}]}<\/script>\n<!-- \/ Yoast SEO plugin. -->","_links":{"self":[{"href":"https:\/\/transferencia.irta.cat\/es\/wp-json\/wp\/v2\/pages\/1453","targetHints":{"allow":["GET"]}}],"collection":[{"href":"https:\/\/transferencia.irta.cat\/es\/wp-json\/wp\/v2\/pages"}],"about":[{"href":"https:\/\/transferencia.irta.cat\/es\/wp-json\/wp\/v2\/types\/page"}],"author":[{"embeddable":true,"href":"https:\/\/transferencia.irta.cat\/es\/wp-json\/wp\/v2\/users\/1"}],"replies":[{"embeddable":true,"href":"https:\/\/transferencia.irta.cat\/es\/wp-json\/wp\/v2\/comments?post=1453"}],"version-history":[{"count":2,"href":"https:\/\/transferencia.irta.cat\/es\/wp-json\/wp\/v2\/pages\/1453\/revisions"}],"predecessor-version":[{"id":1455,"href":"https:\/\/transferencia.irta.cat\/es\/wp-json\/wp\/v2\/pages\/1453\/revisions\/1455"}],"wp:attachment":[{"href":"https:\/\/transferencia.irta.cat\/es\/wp-json\/wp\/v2\/media?parent=1453"}],"curies":[{"name":"wp","href":"https:\/\/api.w.org\/{rel}","templated":true}]}}